{"id":2912,"date":"2025-09-28T21:47:01","date_gmt":"2025-09-28T21:47:01","guid":{"rendered":"https:\/\/affkurz.sk\/?post_type=product&#038;p=2912"},"modified":"2025-10-31T06:33:37","modified_gmt":"2025-10-31T06:33:37","slug":"brilliant-pebbles-akusticky-vyskomer","status":"publish","type":"product","link":"https:\/\/affkurz.sk\/en\/produkt\/brilliant-pebbles-akusticky-vyskomer\/","title":{"rendered":"Brilliant Pebbles \u2013 akustick\u00fd v\u00fd\u0161komer"},"content":{"rendered":"<h4>Technick\u00fd popis:<\/h4>\n<p>&nbsp;<\/p>\n<ul>\n<li>Kompatibiln\u00fd s Android a iOS phones<\/li>\n<li>Mo\u017enos\u0165 20 r\u00f4znych alarmov<\/li>\n<li>Feety\/metre<\/li>\n<li>Bezdr\u00f4tov\u00fd, nastavenia sa daj\u00fa upravova\u0165 aj po\u010das st\u00fapania v lietadle<\/li>\n<li>Mo\u017enos\u0165 nastavenia v\u00fd\u0161kov\u00e9ho rozdielu<\/li>\n<li>Neobmedzen\u00e9 mno\u017estvo navolenia r\u00f4znych zoskokov\u00fdch profilov<\/li>\n<li>Rozsah pou\u017eitia: 0 do 33,000ft (0m do 11000m)<\/li>\n<li>\u017divotnos\u0165 bat\u00e9rie: pribli\u017ene 1 mesiac alebo 100 zoskokov<\/li>\n<li>Nab\u00edjanie: USB-C<\/li>\n<li>Atomatick\u00e9 vypnutie po 16-tich hodin\u00e1ch<\/li>\n<li>Rozmery: 56x41x11mm<\/li>\n<li>Automatick\u00e9 obnovy aplik\u00e1cie a bezdr\u00f4tov\u00fd firmware update<\/li>\n<\/ul>\n","protected":false},"excerpt":{"rendered":"<p>Jednoduch\u00fd, r\u00fdchlo-nab\u00edjate\u013en\u00fd akustick\u00fd v\u00fd\u0161komer, bezdr\u00f4tov\u00fd, kompatibiln\u00fd s\u00a0iPhones a Android<\/p>\n","protected":false},"featured_media":2913,"comment_status":"closed","ping_status":"closed","template":"","meta":{"_acf_changed":false,"site-sidebar-layout":"default","site-content-layout":"","ast-site-content-layout":"default","site-content-style":"default","site-sidebar-style":"default","ast-global-header-display":"","ast-banner-title-visibility":"","ast-main-header-display":"","ast-hfb-above-header-display":"","ast-hfb-below-header-display":"","ast-hfb-mobile-header-display":"","site-post-title":"","ast-breadcrumbs-content":"","ast-featured-img":"","footer-sml-layout":"","theme-transparent-header-meta":"default","adv-header-id-meta":"","stick-header-meta":"","header-above-stick-meta":"","header-main-stick-meta":"","header-below-stick-meta":"","astra-migrate-meta-layouts":"set","ast-page-background-enabled":"default","ast-page-background-meta":{"desktop":{"background-color":"var(--ast-global-color-4)","background-image":"","background-repeat":"repeat","background-position":"center center","background-size":"auto","background-attachment":"scroll","background-type":"","background-media":"","overlay-type":"","overlay-color":"","overlay-opacity":"","overlay-gradient":""},"tablet":{"background-color":"","background-image":"","background-repeat":"repeat","background-position":"center center","background-size":"auto","background-attachment":"scroll","background-type":"","background-media":"","overlay-type":"","overlay-color":"","overlay-opacity":"","overlay-gradient":""},"mobile":{"background-color":"","background-image":"","background-repeat":"repeat","background-position":"center center","background-size":"auto","background-attachment":"scroll","background-type":"","background-media":"","overlay-type":"","overlay-color":"","overlay-opacity":"","overlay-gradient":""}},"ast-content-background-meta":{"desktop":{"background-color":"var(--ast-global-color-5)","background-image":"","background-repeat":"repeat","background-position":"center center","background-size":"auto","background-attachment":"scroll","background-type":"","background-media":"","overlay-type":"","overlay-color":"","overlay-opacity":"","overlay-gradient":""},"tablet":{"background-color":"var(--ast-global-color-5)","background-image":"","background-repeat":"repeat","background-position":"center center","background-size":"auto","background-attachment":"scroll","background-type":"","background-media":"","overlay-type":"","overlay-color":"","overlay-opacity":"","overlay-gradient":""},"mobile":{"background-color":"var(--ast-global-color-5)","background-image":"","background-repeat":"repeat","background-position":"center center","background-size":"auto","background-attachment":"scroll","background-type":"","background-media":"","overlay-type":"","overlay-color":"","overlay-opacity":"","overlay-gradient":""}}},"product_brand":[],"product_cat":[34],"product_tag":[],"class_list":{"0":"post-2912","1":"product","2":"type-product","3":"status-publish","4":"has-post-thumbnail","6":"product_cat-prislusenstvo","7":"desktop-align-left","8":"tablet-align-left","9":"mobile-align-left","11":"first","12":"instock","13":"shipping-taxable","14":"purchasable","15":"product-type-simple"},"acf":[],"_links":{"self":[{"href":"https:\/\/affkurz.sk\/en\/wp-json\/wp\/v2\/product\/2912","targetHints":{"allow":["GET"]}}],"collection":[{"href":"https:\/\/affkurz.sk\/en\/wp-json\/wp\/v2\/product"}],"about":[{"href":"https:\/\/affkurz.sk\/en\/wp-json\/wp\/v2\/types\/product"}],"replies":[{"embeddable":true,"href":"https:\/\/affkurz.sk\/en\/wp-json\/wp\/v2\/comments?post=2912"}],"wp:featuredmedia":[{"embeddable":true,"href":"https:\/\/affkurz.sk\/en\/wp-json\/wp\/v2\/media\/2913"}],"wp:attachment":[{"href":"https:\/\/affkurz.sk\/en\/wp-json\/wp\/v2\/media?parent=2912"}],"wp:term":[{"taxonomy":"product_brand","embeddable":true,"href":"https:\/\/affkurz.sk\/en\/wp-json\/wp\/v2\/product_brand?post=2912"},{"taxonomy":"product_cat","embeddable":true,"href":"https:\/\/affkurz.sk\/en\/wp-json\/wp\/v2\/product_cat?post=2912"},{"taxonomy":"product_tag","embeddable":true,"href":"https:\/\/affkurz.sk\/en\/wp-json\/wp\/v2\/product_tag?post=2912"}],"curies":[{"name":"wp","href":"https:\/\/api.w.org\/{rel}","templated":true}]}}