{"id":2896,"date":"2025-09-28T21:32:52","date_gmt":"2025-09-28T21:32:52","guid":{"rendered":"https:\/\/affkurz.sk\/?post_type=product&#038;p=2896"},"modified":"2025-10-31T06:33:55","modified_gmt":"2025-10-31T06:33:55","slug":"x2-digitalny-vyskomer-s-gps","status":"publish","type":"product","link":"https:\/\/affkurz.sk\/en\/produkt\/x2-digitalny-vyskomer-s-gps\/","title":{"rendered":"X2 digit\u00e1lny v\u00fd\u0161komer s GPS"},"content":{"rendered":"<h4>Technick\u00fd popis:<\/h4>\n<p>&nbsp;<\/p>\n<ul>\n<li>Rozsah pou\u017eitia: 0 do 33,000ft (0m do 11000m)<\/li>\n<li>Dobre vidite\u013en\u00fd a\u00a0\u010ditate\u013en\u00fd displej vo vysokom rozl\u00ed\u0161en\u00ed (2.7\u2033)<\/li>\n<li>Podsvietenie pri slab\u00fdch sveteln\u00fdch podmienkach alebo v noci<\/li>\n<li>Wireless<\/li>\n<li>\u017divotnos\u0165 bat\u00e9rie: 5 dn\u00ed<\/li>\n<li>Nab\u00edjanie: USB &#8211; C<\/li>\n<li>Stopy\/metre<\/li>\n<li>Pln\u00e1 IPX7 vodeodolnos\u0165<\/li>\n<li>Sensory:<\/li>\n<li>barometer<\/li>\n<li>6-osov\u00fd pohybov\u00fd senzos<\/li>\n<li>kompas<\/li>\n<li>GPS<\/li>\n<li>Ground speed, track<\/li>\n<li>Vzdialenos\u0165 a\u00a0smer k dropz\u00f3ne<\/li>\n<li>R\u00fdchlos\u0165 klesania<\/li>\n<li>GPS z\u00e1znamy upload do Android\/iOS<\/li>\n<li>Rozmery: 77.36 x 55.12 x 13.11 mm (3.04 x 2.17 x 0.5\u2033)<\/li>\n<\/ul>\n","protected":false},"excerpt":{"rendered":"<p>Pokrokov\u00fd viac\u00fa\u010delov\u00fd v\u00fd\u0161komer s\u00a0GPS lokaliz\u00e1ciou.<\/p>\n","protected":false},"featured_media":2902,"comment_status":"closed","ping_status":"closed","template":"","meta":{"_acf_changed":false,"site-sidebar-layout":"default","site-content-layout":"","ast-site-content-layout":"default","site-content-style":"default","site-sidebar-style":"default","ast-global-header-display":"","ast-banner-title-visibility":"","ast-main-header-display":"","ast-hfb-above-header-display":"","ast-hfb-below-header-display":"","ast-hfb-mobile-header-display":"","site-post-title":"","ast-breadcrumbs-content":"","ast-featured-img":"","footer-sml-layout":"","theme-transparent-header-meta":"default","adv-header-id-meta":"","stick-header-meta":"","header-above-stick-meta":"","header-main-stick-meta":"","header-below-stick-meta":"","astra-migrate-meta-layouts":"set","ast-page-background-enabled":"default","ast-page-background-meta":{"desktop":{"background-color":"var(--ast-global-color-4)","background-image":"","background-repeat":"repeat","background-position":"center center","background-size":"auto","background-attachment":"scroll","background-type":"","background-media":"","overlay-type":"","overlay-color":"","overlay-opacity":"","overlay-gradient":""},"tablet":{"background-color":"","background-image":"","background-repeat":"repeat","background-position":"center center","background-size":"auto","background-attachment":"scroll","background-type":"","background-media":"","overlay-type":"","overlay-color":"","overlay-opacity":"","overlay-gradient":""},"mobile":{"background-color":"","background-image":"","background-repeat":"repeat","background-position":"center center","background-size":"auto","background-attachment":"scroll","background-type":"","background-media":"","overlay-type":"","overlay-color":"","overlay-opacity":"","overlay-gradient":""}},"ast-content-background-meta":{"desktop":{"background-color":"var(--ast-global-color-5)","background-image":"","background-repeat":"repeat","background-position":"center center","background-size":"auto","background-attachment":"scroll","background-type":"","background-media":"","overlay-type":"","overlay-color":"","overlay-opacity":"","overlay-gradient":""},"tablet":{"background-color":"var(--ast-global-color-5)","background-image":"","background-repeat":"repeat","background-position":"center center","background-size":"auto","background-attachment":"scroll","background-type":"","background-media":"","overlay-type":"","overlay-color":"","overlay-opacity":"","overlay-gradient":""},"mobile":{"background-color":"var(--ast-global-color-5)","background-image":"","background-repeat":"repeat","background-position":"center center","background-size":"auto","background-attachment":"scroll","background-type":"","background-media":"","overlay-type":"","overlay-color":"","overlay-opacity":"","overlay-gradient":""}}},"product_brand":[],"product_cat":[34],"product_tag":[],"class_list":{"0":"post-2896","1":"product","2":"type-product","3":"status-publish","4":"has-post-thumbnail","6":"product_cat-prislusenstvo","7":"desktop-align-left","8":"tablet-align-left","9":"mobile-align-left","11":"first","12":"instock","13":"shipping-taxable","14":"purchasable","15":"product-type-variable"},"acf":[],"_links":{"self":[{"href":"https:\/\/affkurz.sk\/en\/wp-json\/wp\/v2\/product\/2896","targetHints":{"allow":["GET"]}}],"collection":[{"href":"https:\/\/affkurz.sk\/en\/wp-json\/wp\/v2\/product"}],"about":[{"href":"https:\/\/affkurz.sk\/en\/wp-json\/wp\/v2\/types\/product"}],"replies":[{"embeddable":true,"href":"https:\/\/affkurz.sk\/en\/wp-json\/wp\/v2\/comments?post=2896"}],"wp:featuredmedia":[{"embeddable":true,"href":"https:\/\/affkurz.sk\/en\/wp-json\/wp\/v2\/media\/2902"}],"wp:attachment":[{"href":"https:\/\/affkurz.sk\/en\/wp-json\/wp\/v2\/media?parent=2896"}],"wp:term":[{"taxonomy":"product_brand","embeddable":true,"href":"https:\/\/affkurz.sk\/en\/wp-json\/wp\/v2\/product_brand?post=2896"},{"taxonomy":"product_cat","embeddable":true,"href":"https:\/\/affkurz.sk\/en\/wp-json\/wp\/v2\/product_cat?post=2896"},{"taxonomy":"product_tag","embeddable":true,"href":"https:\/\/affkurz.sk\/en\/wp-json\/wp\/v2\/product_tag?post=2896"}],"curies":[{"name":"wp","href":"https:\/\/api.w.org\/{rel}","templated":true}]}}