{"id":2886,"date":"2025-09-28T21:27:25","date_gmt":"2025-09-28T21:27:25","guid":{"rendered":"https:\/\/affkurz.sk\/?post_type=product&#038;p=2886"},"modified":"2025-10-31T06:34:12","modified_gmt":"2025-10-31T06:34:12","slug":"xo-digitalny-vyskomer","status":"publish","type":"product","link":"https:\/\/affkurz.sk\/en\/produkt\/xo-digitalny-vyskomer\/","title":{"rendered":"XO Digit\u00e1lny v\u00fd\u0161komer"},"content":{"rendered":"<h5><strong>Technick\u00fd popis:<\/strong><\/h5>\n<p>&nbsp;<\/p>\n<ul>\n<li>Dobre vidite\u013en\u00fd a \u010ditate\u013en\u00fd displej<\/li>\n<li>Nastavenie metre\/stopy<\/li>\n<li>Automatick\u00e1 kalibr\u00e1cia<\/li>\n<li>Mo\u017enos\u0165 nastavenia v\u00fd\u0161kov\u00e9ho rozdielu<\/li>\n<li>Nabij\u00e1nie pomocou USB-C<\/li>\n<li>Rozmery: \u00a056x41x12mm<\/li>\n<li>Displej: 1.28\u2033 vysoko-kontrastn\u00fd LCD<\/li>\n<li>V\u00fddr\u017e bat\u00e9rie: cca 3 mesiace<\/li>\n<\/ul>\n","protected":false},"excerpt":{"rendered":"<p>Digit\u00e1lny v\u00fd\u0161komer za bezkonkuren\u010dn\u00fa cenu. Pre t\u00fdch, ktor\u00ed ocenia judnoduch\u00fd jedno\u00fa\u010delov\u00fd spo\u013eahliv\u00fd pr\u00edstroj so z\u00e1kladn\u00fdmi funkciami.<\/p>\n","protected":false},"featured_media":2892,"comment_status":"closed","ping_status":"closed","template":"","meta":{"_acf_changed":false,"site-sidebar-layout":"default","site-content-layout":"","ast-site-content-layout":"default","site-content-style":"default","site-sidebar-style":"default","ast-global-header-display":"","ast-banner-title-visibility":"","ast-main-header-display":"","ast-hfb-above-header-display":"","ast-hfb-below-header-display":"","ast-hfb-mobile-header-display":"","site-post-title":"","ast-breadcrumbs-content":"","ast-featured-img":"","footer-sml-layout":"","theme-transparent-header-meta":"default","adv-header-id-meta":"","stick-header-meta":"","header-above-stick-meta":"","header-main-stick-meta":"","header-below-stick-meta":"","astra-migrate-meta-layouts":"set","ast-page-background-enabled":"default","ast-page-background-meta":{"desktop":{"background-color":"var(--ast-global-color-4)","background-image":"","background-repeat":"repeat","background-position":"center center","background-size":"auto","background-attachment":"scroll","background-type":"","background-media":"","overlay-type":"","overlay-color":"","overlay-opacity":"","overlay-gradient":""},"tablet":{"background-color":"","background-image":"","background-repeat":"repeat","background-position":"center center","background-size":"auto","background-attachment":"scroll","background-type":"","background-media":"","overlay-type":"","overlay-color":"","overlay-opacity":"","overlay-gradient":""},"mobile":{"background-color":"","background-image":"","background-repeat":"repeat","background-position":"center center","background-size":"auto","background-attachment":"scroll","background-type":"","background-media":"","overlay-type":"","overlay-color":"","overlay-opacity":"","overlay-gradient":""}},"ast-content-background-meta":{"desktop":{"background-color":"var(--ast-global-color-5)","background-image":"","background-repeat":"repeat","background-position":"center center","background-size":"auto","background-attachment":"scroll","background-type":"","background-media":"","overlay-type":"","overlay-color":"","overlay-opacity":"","overlay-gradient":""},"tablet":{"background-color":"var(--ast-global-color-5)","background-image":"","background-repeat":"repeat","background-position":"center center","background-size":"auto","background-attachment":"scroll","background-type":"","background-media":"","overlay-type":"","overlay-color":"","overlay-opacity":"","overlay-gradient":""},"mobile":{"background-color":"var(--ast-global-color-5)","background-image":"","background-repeat":"repeat","background-position":"center center","background-size":"auto","background-attachment":"scroll","background-type":"","background-media":"","overlay-type":"","overlay-color":"","overlay-opacity":"","overlay-gradient":""}}},"product_brand":[],"product_cat":[34],"product_tag":[],"class_list":{"0":"post-2886","1":"product","2":"type-product","3":"status-publish","4":"has-post-thumbnail","6":"product_cat-prislusenstvo","7":"desktop-align-left","8":"tablet-align-left","9":"mobile-align-left","11":"first","12":"instock","13":"shipping-taxable","14":"purchasable","15":"product-type-variable"},"acf":[],"_links":{"self":[{"href":"https:\/\/affkurz.sk\/en\/wp-json\/wp\/v2\/product\/2886","targetHints":{"allow":["GET"]}}],"collection":[{"href":"https:\/\/affkurz.sk\/en\/wp-json\/wp\/v2\/product"}],"about":[{"href":"https:\/\/affkurz.sk\/en\/wp-json\/wp\/v2\/types\/product"}],"replies":[{"embeddable":true,"href":"https:\/\/affkurz.sk\/en\/wp-json\/wp\/v2\/comments?post=2886"}],"wp:featuredmedia":[{"embeddable":true,"href":"https:\/\/affkurz.sk\/en\/wp-json\/wp\/v2\/media\/2892"}],"wp:attachment":[{"href":"https:\/\/affkurz.sk\/en\/wp-json\/wp\/v2\/media?parent=2886"}],"wp:term":[{"taxonomy":"product_brand","embeddable":true,"href":"https:\/\/affkurz.sk\/en\/wp-json\/wp\/v2\/product_brand?post=2886"},{"taxonomy":"product_cat","embeddable":true,"href":"https:\/\/affkurz.sk\/en\/wp-json\/wp\/v2\/product_cat?post=2886"},{"taxonomy":"product_tag","embeddable":true,"href":"https:\/\/affkurz.sk\/en\/wp-json\/wp\/v2\/product_tag?post=2886"}],"curies":[{"name":"wp","href":"https:\/\/api.w.org\/{rel}","templated":true}]}}